{"id":8,"date":"2021-02-10T22:23:45","date_gmt":"2021-02-10T22:23:45","guid":{"rendered":"http:\/\/skoda-prevodnik.cz\/?page_id=8"},"modified":"2022-11-20T15:44:36","modified_gmt":"2022-11-20T15:44:36","slug":"kontakt","status":"publish","type":"page","link":"https:\/\/auto-prevodnik.cz\/?page_id=8","title":{"rendered":"Kontakt"},"content":{"rendered":"\n<p>Obchodn\u00ed podm\u00ednky<\/p>\n\n\n\n<p>obchodn\u00ed spole\u010dnosti JT Autodily s.r.o.<\/p>\n\n\n\n<p>se s\u00eddlem Praha 1 &#8211; Star\u00e9 M\u011bsto, Rybn\u00e1 716\/24, PS\u010c 110 00<\/p>\n\n\n\n<p>identifika\u010dn\u00ed \u010d\u00edslo: \u200e<strong>14406616<\/strong><\/p>\n\n\n\n<p>zapsan\u00e9 v obchodn\u00edm rejst\u0159\u00edku veden\u00e9m M\u011bstsk\u00fd soud v Praze , odd\u00edl&nbsp; 299046&nbsp; , vlo\u017eka C<\/p>\n\n\n\n<p>pro prodej zbo\u017e\u00ed prost\u0159ednictv\u00edm on-line obchodu um\u00edst\u011bn\u00e9ho na internetov\u00e9 adrese jt-autodily.cz<\/p>\n","protected":false},"excerpt":{"rendered":"<p>Obchodn\u00ed podm\u00ednky obchodn\u00ed spole\u010dnosti JT Autodily s.r.o. se s\u00eddlem Praha 1 &#8211; Star\u00e9 M\u011bsto, Rybn\u00e1 716\/24, PS\u010c 110 00 identifika\u010dn\u00ed \u010d\u00edslo: \u200e14406616 zapsan\u00e9 v obchodn\u00edm rejst\u0159\u00edku veden\u00e9m M\u011bstsk\u00fd soud v Praze , odd\u00edl&nbsp; 299046&nbsp; , vlo\u017eka C pro prodej zbo\u017e\u00ed prost\u0159ednictv\u00edm on-line obchodu um\u00edst\u011bn\u00e9ho na internetov\u00e9 adrese jt-autodily.cz<\/p>\n","protected":false},"author":1,"featured_media":0,"parent":0,"menu_order":5,"comment_status":"closed","ping_status":"closed","template":"","meta":[],"_links":{"self":[{"href":"https:\/\/auto-prevodnik.cz\/index.php?rest_route=\/wp\/v2\/pages\/8"}],"collection":[{"href":"https:\/\/auto-prevodnik.cz\/index.php?rest_route=\/wp\/v2\/pages"}],"about":[{"href":"https:\/\/auto-prevodnik.cz\/index.php?rest_route=\/wp\/v2\/types\/page"}],"author":[{"embeddable":true,"href":"https:\/\/auto-prevodnik.cz\/index.php?rest_route=\/wp\/v2\/users\/1"}],"replies":[{"embeddable":true,"href":"https:\/\/auto-prevodnik.cz\/index.php?rest_route=%2Fwp%2Fv2%2Fcomments&post=8"}],"version-history":[{"count":4,"href":"https:\/\/auto-prevodnik.cz\/index.php?rest_route=\/wp\/v2\/pages\/8\/revisions"}],"predecessor-version":[{"id":190,"href":"https:\/\/auto-prevodnik.cz\/index.php?rest_route=\/wp\/v2\/pages\/8\/revisions\/190"}],"wp:attachment":[{"href":"https:\/\/auto-prevodnik.cz\/index.php?rest_route=%2Fwp%2Fv2%2Fmedia&parent=8"}],"curies":[{"name":"wp","href":"https:\/\/api.w.org\/{rel}","templated":true}]}}