{"id":7,"date":"2021-03-29T14:04:05","date_gmt":"2021-03-29T14:04:05","guid":{"rendered":"http:\/\/skoda-prevodnik.cz\/?page_id=7"},"modified":"2024-10-13T15:23:21","modified_gmt":"2024-10-13T15:23:21","slug":"o-nas","status":"publish","type":"page","link":"https:\/\/auto-prevodnik.cz\/?page_id=7","title":{"rendered":"Verze"},"content":{"rendered":"\n<p><strong>CW 3 ambiente<\/strong><\/p>\n\n\n\n<ul><li>Ambietne<\/li><li>Podpora MQB <\/li><\/ul>\n\n\n\n<p><\/p>\n\n\n\n<p><strong>CW 2 prevodnik<\/strong><\/p>\n\n\n\n<ul><li>StartStop Octavia 4 \/ Golf 8<\/li><\/ul>\n\n\n\n<p><\/p>\n\n\n\n<p><strong>CW 1 <\/strong>. 1 Predvodnik s podporou novych volantu<\/p>\n\n\n\n<p><\/p>\n\n\n\n<ul><li>Predvodnik s podporou novych volantu<\/li><li>Proti pir\u00e1tska ochrana s automatickym nahlasenim<\/li><\/ul>\n\n\n\n<p><\/p>\n\n\n\n<p><strong>CW 1 prevodnik<\/strong><\/p>\n\n\n\n<p>FINALNI VERZE<\/p>\n\n\n\n<ul><li>Opraveny chyby komunikace<\/li><li>P\u0159id\u00e1na podpora ACC<\/li><li>P\u0159id\u00e1ny ob\u011b verze volant\u016f<\/li><li>StartStop MQB<\/li><\/ul>\n\n\n\n<p>BETA4<\/p>\n\n\n\n<ul><li>Mo\u017enost nastavit tla\u010d\u00edtko telefonu<\/li><\/ul>\n\n\n\n<p><\/p>\n\n\n\n<p>BETA3<\/p>\n\n\n\n<ul><li>mo\u017enost nastavit si jak\u00e9 chcete tla\u010d\u00edtko namapovat na p\u0159ep\u00edn\u00e1n\u00ed<\/li><li>vyd\u00e1no 15 betaverzi desek pln\u011b fu\u010dnkn\u00ed ale jen pro vybran\u00e9 nov\u00e9 desky budou men\u0161\u00ed a lep\u0161\u00ed<\/li><li>zapojen\u00ed je PNP<\/li><\/ul>\n\n\n\n<p><\/p>\n\n\n\n<p><\/p>\n\n\n\n<p>BETA2<\/p>\n\n\n\n<ul><li>tla\u010d\u00edtko funguje<\/li><li>opravujeme chyby<\/li><\/ul>\n\n\n\n<p><\/p>\n\n\n\n<p>BETA1:<\/p>\n\n\n\n<ul><li>CAN BUS Deska<\/li><li>Nyn\u00ed prob\u00edh\u00e1 p\u0159\u00edprava na desku<\/li><li>Aktu\u00e1ln\u011b lze ovl\u00e1dat Bluetooth<\/li><li>\u017d\u00e1dn\u00e9 vkl\u00e1d\u00e1n\u00ed desky do volantu jak to d\u011blaj\u00ed , \u017e\u00e1dn\u00fd z\u00e1sah do elektriky atd..:)<\/li><li>cca 1 mes\u00edc a bude to k prodeji aktu\u00e1ln\u011b fakt jen betaverze<\/li><li>Do budoucna lze \u010d\u00edst i jin\u00e9 \u00fadaje atd\u2026.<\/li><li>Do budoucna chyst\u00e1me zprovoznit to tla\u010d\u00edtko\u2026<\/li><li>Podporovan\u00e1 vozidla , Superb 3, Octavia 3 , Kodiaq , Karoq<\/li><li>Do budoucna PQ35: Octavia 2 , Rapid , Yeti atd\u2026<\/li><\/ul>\n\n\n\n<p><\/p>\n","protected":false},"excerpt":{"rendered":"<p>CW 3 ambiente Ambietne Podpora MQB CW 2 prevodnik StartStop Octavia 4 \/ Golf 8 CW 1 . 1 Predvodnik s podporou novych volantu Predvodnik s podporou novych volantu Proti pir\u00e1tska ochrana s automatickym nahlasenim CW 1 prevodnik FINALNI VERZE Opraveny chyby komunikace P\u0159id\u00e1na podpora ACC P\u0159id\u00e1ny ob\u011b verze volant\u016f StartStop MQB BETA4 Mo\u017enost nastavit <a class=\"more-link\" href=\"https:\/\/auto-prevodnik.cz\/?page_id=7\">\u010c\u00edst v\u00edce&#8230;<\/a><\/p>\n","protected":false},"author":1,"featured_media":0,"parent":0,"menu_order":0,"comment_status":"closed","ping_status":"closed","template":"","meta":[],"_links":{"self":[{"href":"https:\/\/auto-prevodnik.cz\/index.php?rest_route=\/wp\/v2\/pages\/7"}],"collection":[{"href":"https:\/\/auto-prevodnik.cz\/index.php?rest_route=\/wp\/v2\/pages"}],"about":[{"href":"https:\/\/auto-prevodnik.cz\/index.php?rest_route=\/wp\/v2\/types\/page"}],"author":[{"embeddable":true,"href":"https:\/\/auto-prevodnik.cz\/index.php?rest_route=\/wp\/v2\/users\/1"}],"replies":[{"embeddable":true,"href":"https:\/\/auto-prevodnik.cz\/index.php?rest_route=%2Fwp%2Fv2%2Fcomments&post=7"}],"version-history":[{"count":11,"href":"https:\/\/auto-prevodnik.cz\/index.php?rest_route=\/wp\/v2\/pages\/7\/revisions"}],"predecessor-version":[{"id":233,"href":"https:\/\/auto-prevodnik.cz\/index.php?rest_route=\/wp\/v2\/pages\/7\/revisions\/233"}],"wp:attachment":[{"href":"https:\/\/auto-prevodnik.cz\/index.php?rest_route=%2Fwp%2Fv2%2Fmedia&parent=7"}],"curies":[{"name":"wp","href":"https:\/\/api.w.org\/{rel}","templated":true}]}}