{"id":172,"date":"2023-09-18T09:00:32","date_gmt":"2023-09-18T09:00:32","guid":{"rendered":"https:\/\/auto-prevodnik.cz\/?page_id=172"},"modified":"2023-09-18T09:00:32","modified_gmt":"2023-09-18T09:00:32","slug":"stahovani-download","status":"publish","type":"page","link":"https:\/\/auto-prevodnik.cz\/?page_id=172","title":{"rendered":"Download"},"content":{"rendered":"\n<p>CW 1 P\u0159evodn\u00edk:<\/p>\n\n\n\n<p>P\u0159ilozeno u p\u0159evodn\u00edku<\/p>\n\n\n\n<p>Firmware 03\/2023 pripravujem<\/p>\n\n\n\n<p><\/p>\n\n\n\n<p><\/p>\n\n\n\n<p><\/p>\n\n\n\n<hr class=\"wp-block-separator has-alpha-channel-opacity\"\/>\n\n\n\n<p>CW 2 Startop O4<\/p>\n\n\n\n<p><a href=\"https:\/\/auto-prestavby.cz\/d\/navod_cw_1_2022CZ.pdf\">St\u00e1hnout n\u00e1vod v \u010ce\u0161tin\u011b<\/a><\/p>\n\n\n\n<p><a href=\"https:\/\/auto-prestavby.cz\/d\/navod_cw_1_2022CZ.pdf\">St\u00e1hnout n\u00e1vod v English<\/a><\/p>\n\n\n\n<p>Firmware 11\/2022 p\u0159ipravujem<\/p>\n\n\n\n<p><\/p>\n\n\n\n<p><\/p>\n\n\n\n<p>CW3 Ambientente<\/p>\n\n\n\n<p>Pripravujem<\/p>\n","protected":false},"excerpt":{"rendered":"<p>CW 1 P\u0159evodn\u00edk: P\u0159ilozeno u p\u0159evodn\u00edku Firmware 03\/2023 pripravujem CW 2 Startop O4 St\u00e1hnout n\u00e1vod v \u010ce\u0161tin\u011b St\u00e1hnout n\u00e1vod v English Firmware 11\/2022 p\u0159ipravujem CW3 Ambientente Pripravujem<\/p>\n","protected":false},"author":1,"featured_media":0,"parent":0,"menu_order":0,"comment_status":"closed","ping_status":"closed","template":"","meta":[],"_links":{"self":[{"href":"https:\/\/auto-prevodnik.cz\/index.php?rest_route=\/wp\/v2\/pages\/172"}],"collection":[{"href":"https:\/\/auto-prevodnik.cz\/index.php?rest_route=\/wp\/v2\/pages"}],"about":[{"href":"https:\/\/auto-prevodnik.cz\/index.php?rest_route=\/wp\/v2\/types\/page"}],"author":[{"embeddable":true,"href":"https:\/\/auto-prevodnik.cz\/index.php?rest_route=\/wp\/v2\/users\/1"}],"replies":[{"embeddable":true,"href":"https:\/\/auto-prevodnik.cz\/index.php?rest_route=%2Fwp%2Fv2%2Fcomments&post=172"}],"version-history":[{"count":10,"href":"https:\/\/auto-prevodnik.cz\/index.php?rest_route=\/wp\/v2\/pages\/172\/revisions"}],"predecessor-version":[{"id":230,"href":"https:\/\/auto-prevodnik.cz\/index.php?rest_route=\/wp\/v2\/pages\/172\/revisions\/230"}],"wp:attachment":[{"href":"https:\/\/auto-prevodnik.cz\/index.php?rest_route=%2Fwp%2Fv2%2Fmedia&parent=172"}],"curies":[{"name":"wp","href":"https:\/\/api.w.org\/{rel}","templated":true}]}}